{"id":2655,"date":"2018-02-13T14:41:56","date_gmt":"2018-02-13T14:41:56","guid":{"rendered":"http:\/\/demo.denta.cmsmasters.net\/?page_id=2655"},"modified":"2024-06-19T21:45:33","modified_gmt":"2024-06-19T18:45:33","slug":"treatments","status":"publish","type":"page","link":"https:\/\/msdturkey.com\/tr\/treatments\/","title":{"rendered":"Tedaviler"},"content":{"rendered":"<div id=\"cmsmasters_row_qu32gaar5n\" class=\"cmsmasters_row cmsmasters_color_scheme_default cmsmasters_row_top_default cmsmasters_row_bot_default cmsmasters_row_boxed\">\n<div class=\"cmsmasters_row_outer_parent\">\n<div class=\"cmsmasters_row_outer\">\n<div class=\"cmsmasters_row_inner\">\n<div class=\"cmsmasters_row_margin\">\n<div id=\"cmsmasters_column_qi4i26bh1m\" class=\"cmsmasters_column one_first\">\n<div class=\"cmsmasters_column_inner\"><div id=\"cmsmasters_heading_yz2o90iqdc\" class=\"cmsmasters_heading_wrap cmsmasters_heading_align_center\">\n\t<h2 class=\"cmsmasters_heading\">Tedaviler<\/h2>\n<\/div><div id=\"cmsmasters_heading_okdc8763pq\" class=\"cmsmasters_heading_wrap cmsmasters_heading_align_center\">\n\t<h4 class=\"cmsmasters_heading\">Klini\u011fimizde hastalara di\u015f hekimli\u011fi alan\u0131nda her t\u00fcrl\u00fc hizmet sunulmaktad\u0131r.<\/h4>\n<\/div>\n<div id=\"portfolio_a0l5ririms\" class=\"cmsmasters_wrap_portfolio entry-summary\" data-layout=\"grid\" data-layout-mode=\"perfect\" data-url=\"https:\/\/msdturkey.com\/wp-content\/plugins\/cmsmasters-content-composer\/\" data-orderby=\"date\" data-order=\"DESC\" data-count=\"6\" data-categories=\"\" data-metadata=\"title,rollover\"><div class=\"portfolio grid large_gap perfect cmsmasters_3\"><!-- Start Service Grid Article -->\r\n<article id=\"post-97\" class=\"cmsmasters_project_grid post-97 project type-project status-publish format-standard has-post-thumbnail hentry pj-categs-treatments\" data-category=\"treatments\">\r\n\t<div class=\"project_outer\">\r\n\t<div class=\"cmsmasters_project_images_wrap\"><figure class=\"cmsmasters_img_rollover_wrap preloader\"><img loading=\"lazy\" decoding=\"async\" width=\"580\" height=\"410\" src=\"https:\/\/msdturkey.com\/wp-content\/uploads\/2017\/08\/dis-implanti-3-1-580x410.jpg\" class=\"full-width wp-post-image\" alt=\"Dental Implants\" title=\"dis-implanti-3-1\" srcset=\"https:\/\/msdturkey.com\/wp-content\/uploads\/2017\/08\/dis-implanti-3-1-580x410.jpg 580w, https:\/\/msdturkey.com\/wp-content\/uploads\/2017\/08\/dis-implanti-3-1-1160x820.jpg 1160w\" sizes=\"auto, (max-width: 580px) 100vw, 580px\" \/><div class=\"cmsmasters_img_rollover\"><a href=\"https:\/\/msdturkey.com\/tr\/service\/dental-implants\/\" title=\"Di\u015f \u0130mplantlar\u0131\" class=\"cmsmasters_open_post_link button\">Read more<\/a><\/div><\/figure><\/div><div class=\"project_inner\"><header class=\"cmsmasters_project_header entry-header\"><h3 class=\"cmsmasters_project_title entry-title\"><a href=\"https:\/\/msdturkey.com\/tr\/service\/dental-implants\/\">Di\u015f \u0130mplantlar\u0131<\/a><\/h3><\/header><\/div><span class=\"dn meta-date\">20170808134525<\/span>\t<\/div>\r\n<\/article>\r\n<!-- Finish Service Grid Article -->\r\n\r\n<!-- Start Service Grid Article -->\r\n<article id=\"post-95\" class=\"cmsmasters_project_grid post-95 project type-project status-publish format-standard has-post-thumbnail hentry pj-categs-treatments\" data-category=\"treatments\">\r\n\t<div class=\"project_outer\">\r\n\t<div class=\"cmsmasters_project_images_wrap\"><figure class=\"cmsmasters_img_rollover_wrap preloader\"><img loading=\"lazy\" decoding=\"async\" width=\"580\" height=\"410\" src=\"https:\/\/msdturkey.com\/wp-content\/uploads\/2017\/08\/all-on-4-e1689606045249.jpeg-580x410.webp\" class=\"full-width wp-post-image\" alt=\"All on 4 Implant\" title=\"all-on-4--e1689606045249.jpeg\" \/><div class=\"cmsmasters_img_rollover\"><a href=\"https:\/\/msdturkey.com\/tr\/service\/all-on-4-implant\/\" title=\"All on 4 \u0130mplant\" class=\"cmsmasters_open_post_link button\">Read more<\/a><\/div><\/figure><\/div><div class=\"project_inner\"><header class=\"cmsmasters_project_header entry-header\"><h3 class=\"cmsmasters_project_title entry-title\"><a href=\"https:\/\/msdturkey.com\/tr\/service\/all-on-4-implant\/\">All on 4 \u0130mplant<\/a><\/h3><\/header><\/div><span class=\"dn meta-date\">20170808134308<\/span>\t<\/div>\r\n<\/article>\r\n<!-- Finish Service Grid Article -->\r\n\r\n<!-- Start Service Grid Article -->\r\n<article id=\"post-99\" class=\"cmsmasters_project_grid post-99 project type-project status-publish format-standard has-post-thumbnail hentry pj-categs-treatments\" data-category=\"treatments\">\r\n\t<div class=\"project_outer\">\r\n\t<div class=\"cmsmasters_project_images_wrap\"><figure class=\"cmsmasters_img_rollover_wrap preloader\"><img loading=\"lazy\" decoding=\"async\" width=\"580\" height=\"410\" src=\"https:\/\/msdturkey.com\/wp-content\/uploads\/2017\/08\/All-on-6-dental-Implants-in-Turkey-580x410.jpg\" class=\"full-width wp-post-image\" alt=\"All on 6 Implant\" title=\"All-on-6-dental-Implants-in-Turkey\" \/><div class=\"cmsmasters_img_rollover\"><a href=\"https:\/\/msdturkey.com\/tr\/service\/all-on-6-implant\/\" title=\"All on 6 \u0130mplant\" class=\"cmsmasters_open_post_link button\">Read more<\/a><\/div><\/figure><\/div><div class=\"project_inner\"><header class=\"cmsmasters_project_header entry-header\"><h3 class=\"cmsmasters_project_title entry-title\"><a href=\"https:\/\/msdturkey.com\/tr\/service\/all-on-6-implant\/\">All on 6 \u0130mplant<\/a><\/h3><\/header><\/div><span class=\"dn meta-date\">20170808134113<\/span>\t<\/div>\r\n<\/article>\r\n<!-- Finish Service Grid Article -->\r\n\r\n<!-- Start Service Grid Article -->\r\n<article id=\"post-85\" class=\"cmsmasters_project_grid post-85 project type-project status-publish format-standard has-post-thumbnail hentry pj-categs-treatments\" data-category=\"treatments\">\r\n\t<div class=\"project_outer\">\r\n\t<div class=\"cmsmasters_project_images_wrap\"><figure class=\"cmsmasters_img_rollover_wrap preloader\"><img loading=\"lazy\" decoding=\"async\" width=\"580\" height=\"410\" src=\"https:\/\/msdturkey.com\/wp-content\/uploads\/2017\/08\/laser-teeth-whitening-vs-bleaching.png-580x410.webp\" class=\"full-width wp-post-image\" alt=\"Laser Teeth Whitening\" title=\"laser-teeth-whitening-vs-bleaching.png\" \/><div class=\"cmsmasters_img_rollover\"><a href=\"https:\/\/msdturkey.com\/tr\/service\/laser-teeth-whitening\/\" title=\"Lazer Di\u015f Beyazlatma\" class=\"cmsmasters_open_post_link button\">Read more<\/a><\/div><\/figure><\/div><div class=\"project_inner\"><header class=\"cmsmasters_project_header entry-header\"><h3 class=\"cmsmasters_project_title entry-title\"><a href=\"https:\/\/msdturkey.com\/tr\/service\/laser-teeth-whitening\/\">Lazer Di\u015f Beyazlatma<\/a><\/h3><\/header><\/div><span class=\"dn meta-date\">20170808134032<\/span>\t<\/div>\r\n<\/article>\r\n<!-- Finish Service Grid Article -->\r\n\r\n<!-- Start Service Grid Article -->\r\n<article id=\"post-101\" class=\"cmsmasters_project_grid post-101 project type-project status-publish format-standard has-post-thumbnail hentry pj-categs-treatments\" data-category=\"treatments\">\r\n\t<div class=\"project_outer\">\r\n\t<div class=\"cmsmasters_project_images_wrap\"><figure class=\"cmsmasters_img_rollover_wrap preloader\"><img loading=\"lazy\" decoding=\"async\" width=\"580\" height=\"410\" src=\"https:\/\/msdturkey.com\/wp-content\/uploads\/2017\/08\/smile-design-6-580x410.png\" class=\"full-width wp-post-image\" alt=\"Smile Design\" title=\"smile-design-6\" srcset=\"https:\/\/msdturkey.com\/wp-content\/uploads\/2017\/08\/smile-design-6-580x410.png 580w, https:\/\/msdturkey.com\/wp-content\/uploads\/2017\/08\/smile-design-6-1160x820.png 1160w\" sizes=\"auto, (max-width: 580px) 100vw, 580px\" \/><div class=\"cmsmasters_img_rollover\"><a href=\"https:\/\/msdturkey.com\/tr\/service\/smile-design\/\" title=\"G\u00fcl\u00fc\u015f Tasar\u0131m\u0131\" class=\"cmsmasters_open_post_link button\">Read more<\/a><\/div><\/figure><\/div><div class=\"project_inner\"><header class=\"cmsmasters_project_header entry-header\"><h3 class=\"cmsmasters_project_title entry-title\"><a href=\"https:\/\/msdturkey.com\/tr\/service\/smile-design\/\">G\u00fcl\u00fc\u015f Tasar\u0131m\u0131<\/a><\/h3><\/header><\/div><span class=\"dn meta-date\">20170808133959<\/span>\t<\/div>\r\n<\/article>\r\n<!-- Finish Service Grid Article -->\r\n\r\n<!-- Start Service Grid Article -->\r\n<article id=\"post-89\" class=\"cmsmasters_project_grid post-89 project type-project status-publish format-standard has-post-thumbnail hentry pj-categs-treatments\" data-category=\"treatments\">\r\n\t<div class=\"project_outer\">\r\n\t<div class=\"cmsmasters_project_images_wrap\"><figure class=\"cmsmasters_img_rollover_wrap preloader\"><img loading=\"lazy\" decoding=\"async\" width=\"580\" height=\"410\" src=\"https:\/\/msdturkey.com\/wp-content\/uploads\/2017\/08\/shutterstock_699897964-min-580x410.jpg\" class=\"full-width wp-post-image\" alt=\"Zirconium Crowns\" title=\"shutterstock_699897964-min\" \/><div class=\"cmsmasters_img_rollover\"><a href=\"https:\/\/msdturkey.com\/tr\/service\/zirconium-crowns\/\" title=\"Zirkonyum Kaplamalar\" class=\"cmsmasters_open_post_link button\">Read more<\/a><\/div><\/figure><\/div><div class=\"project_inner\"><header class=\"cmsmasters_project_header entry-header\"><h3 class=\"cmsmasters_project_title entry-title\"><a href=\"https:\/\/msdturkey.com\/tr\/service\/zirconium-crowns\/\">Zirkonyum Kaplamalar<\/a><\/h3><\/header><\/div><span class=\"dn meta-date\">20170808133729<\/span>\t<\/div>\r\n<\/article>\r\n<!-- Finish Service Grid Article -->\r\n\r\n<\/div><\/div>\n<\/div><\/div>\n<\/div>\n<\/div>\n<\/div>\n<\/div>\n<\/div>\n<div id=\"cmsmasters_row_fab5dulg23\" class=\"cmsmasters_row cmsmasters_color_scheme_third cmsmasters_row_top_default cmsmasters_row_bot_default cmsmasters_row_boxed\">\n<div class=\"cmsmasters_row_outer_parent\">\n<div class=\"cmsmasters_row_outer\">\n<div class=\"cmsmasters_row_inner\">\n<div class=\"cmsmasters_row_margin\">\n<div id=\"cmsmasters_column_0xr0fq3nue\" class=\"cmsmasters_column one_first\">\n<div class=\"cmsmasters_column_inner\"><div class=\"cmsmasters_text\">\n<h3 style=\"text-align: center;\"><span style=\"font-size: 28px; line-height: 36px; font-weight: 300;\">Hayalinizdeki g\u00fcl\u00fcmsemeyi ger\u00e7e\u011fe d\u00f6n\u00fc\u015ft\u00fcr\u00fcn! Bizi +90 543 255 06 73 numaral\u0131 telefondan aray\u0131n.<\/span><\/h3>\n<\/div>\n<\/div><\/div>\n<\/div>\n<\/div>\n<\/div>\n<\/div>\n<\/div>\n<div id=\"cmsmasters_row_trs00cyki\" class=\"cmsmasters_row cmsmasters_color_scheme_third cmsmasters_row_top_default cmsmasters_row_bot_default cmsmasters_row_boxed\">\n<div class=\"cmsmasters_row_outer_parent\">\n<div class=\"cmsmasters_row_outer\">\n<div class=\"cmsmasters_row_inner\">\n<div class=\"cmsmasters_row_margin\">\n<div id=\"cmsmasters_column_0bd6tmssn3\" class=\"cmsmasters_column one_fourth\">\n<div class=\"cmsmasters_column_inner\"><div id=\"cmsmasters_heading_yhnslc3if6\" class=\"cmsmasters_heading_wrap cmsmasters_heading_align_left\">\n\t<h2 class=\"cmsmasters_heading\">G\u00fcl\u00fc\u015f Galerisi<\/h2>\n<\/div><div class=\"cmsmasters_text\">\n<h3><a style=\"font-size: 20px; line-height: 30px; font-weight: 300;\" href=\"https:\/\/msdturkey.com\/tr\/smilegallery\/\">\u015eimdi T\u0131kla<\/a><\/h3>\n<\/div>\n<\/div><\/div>\n<div id=\"cmsmasters_column_p32fqbon3\" class=\"cmsmasters_column one_fourth\">\n<div class=\"cmsmasters_column_inner\"><div id=\"cmsmasters_heading_ddmz0fp6w\" class=\"cmsmasters_heading_wrap cmsmasters_heading_align_left\">\n\t<h2 class=\"cmsmasters_heading\">Klinik<\/h2>\n<\/div><div class=\"cmsmasters_text\">\n<h3><span style=\"font-size: 20px; line-height: 30px; font-weight: 300;\">G\u00fcne\u015f Mah. \u015eehit Astsubay \u00d6mer Halis Demir Cad.<\/span><\/h3>\n<h3><span style=\"font-size: 20px; line-height: 30px; font-weight: 300;\">A1-Blok 95 AAK Kepez\/ANTALYA<\/span><\/h3>\n<\/div>\n<\/div><\/div>\n<div id=\"cmsmasters_column_pnq8wuem3h\" class=\"cmsmasters_column one_fourth\">\n<div class=\"cmsmasters_column_inner\"><div id=\"cmsmasters_heading_g6o7zqaodb\" class=\"cmsmasters_heading_wrap cmsmasters_heading_align_left\">\n\t<h2 class=\"cmsmasters_heading\">iLET\u0130\u015e\u0130M<\/h2>\n<\/div><div class=\"cmsmasters_text\">\n<h3><span style=\"font-size: 20px; line-height: 30px; font-weight: 300;\"><a style=\"font-size: 20px; line-height: 30px; font-weight: 300;\" href=\"mailto:#\">info@msdturkey.com<\/a><\/span><br \/>\n<span style=\"font-size: 20px; line-height: 30px; font-weight: 300;\">+90 543 255 06 73<\/span><\/h3>\n<\/div>\n<\/div><\/div>\n<div id=\"cmsmasters_column_01gq5fs519\" class=\"cmsmasters_column one_fourth\">\n<div class=\"cmsmasters_column_inner\"><div id=\"cmsmasters_heading_v8b14iafcu\" class=\"cmsmasters_heading_wrap cmsmasters_heading_align_left\">\n\t<h2 class=\"cmsmasters_heading\">A\u00e7\u0131k saatler<\/h2>\n<\/div><div class=\"cmsmasters_text\">\n<h3 class=\" translation-block\"><span style=\"font-size: 20px;line-height: 30px;font-weight: 300\">Pazartesi-Cumartesi: 08:00-21:00<\/span><br>\n<span style=\"font-size: 20px;line-height: 30px;font-weight: 300\">Pazar: Kapal\u0131<\/span><\/h3>\n<\/div>\n<\/div><\/div>\n<\/div>\n<\/div>\n<\/div>\n<\/div>\n<\/div>","protected":false},"excerpt":{"rendered":"","protected":false},"author":1,"featured_media":0,"parent":0,"menu_order":0,"comment_status":"closed","ping_status":"closed","template":"","meta":{"footnotes":""},"class_list":["post-2655","page","type-page","status-publish","hentry"],"_links":{"self":[{"href":"https:\/\/msdturkey.com\/tr\/wp-json\/wp\/v2\/pages\/2655","targetHints":{"allow":["GET"]}}],"collection":[{"href":"https:\/\/msdturkey.com\/tr\/wp-json\/wp\/v2\/pages"}],"about":[{"href":"https:\/\/msdturkey.com\/tr\/wp-json\/wp\/v2\/types\/page"}],"author":[{"embeddable":true,"href":"https:\/\/msdturkey.com\/tr\/wp-json\/wp\/v2\/users\/1"}],"replies":[{"embeddable":true,"href":"https:\/\/msdturkey.com\/tr\/wp-json\/wp\/v2\/comments?post=2655"}],"version-history":[{"count":3,"href":"https:\/\/msdturkey.com\/tr\/wp-json\/wp\/v2\/pages\/2655\/revisions"}],"predecessor-version":[{"id":2825,"href":"https:\/\/msdturkey.com\/tr\/wp-json\/wp\/v2\/pages\/2655\/revisions\/2825"}],"wp:attachment":[{"href":"https:\/\/msdturkey.com\/tr\/wp-json\/wp\/v2\/media?parent=2655"}],"curies":[{"name":"wp","href":"https:\/\/api.w.org\/{rel}","templated":true}]}}