{"id":1053,"date":"2017-08-28T09:56:17","date_gmt":"2017-08-28T09:56:17","guid":{"rendered":"http:\/\/denta.cmsmasters.net\/?page_id=1053"},"modified":"2026-01-06T12:34:40","modified_gmt":"2026-01-06T09:34:40","slug":"doctors","status":"publish","type":"page","link":"https:\/\/msdturkey.com\/tr\/doctors\/","title":{"rendered":"Doktorlar"},"content":{"rendered":"<div id=\"cmsmasters_row_ddexy5hvt1\" class=\"cmsmasters_row cmsmasters_color_scheme_default cmsmasters_row_top_default cmsmasters_row_bot_default cmsmasters_row_boxed\">\n<div class=\"cmsmasters_row_outer_parent\">\n<div class=\"cmsmasters_row_outer\">\n<div class=\"cmsmasters_row_inner\">\n<div class=\"cmsmasters_row_margin\">\n<div id=\"cmsmasters_column_jo4yzuc7oc\" class=\"cmsmasters_column one_third\">\n<div class=\"cmsmasters_column_inner\"><div class=\"aligncenter\"><div class=\"cmsmasters_img  cmsmasters_image_c\"><img decoding=\"async\" src=\"https:\/\/msdturkey.com\/wp-content\/uploads\/2026\/01\/dr-go\u2560ekmen-scaled.jpg\" \/><\/div><\/div><div class=\"cmsmasters_img  cmsmasters_image_n\"><a href=\"http:\/\/denta.cmsmasters.net\/demo\/wp-content\/uploads\/sites\/5\/2017\/08\/1-3-2.png\"><img decoding=\"async\" src=\"\" \/><\/a><\/div>\n<\/div><\/div>\n<div id=\"cmsmasters_column_ho7wdbq8jx\" class=\"cmsmasters_column two_third\">\n<div class=\"cmsmasters_column_inner\"><div id=\"cmsmasters_heading_bf5rsqcfbl\" class=\"cmsmasters_heading_wrap cmsmasters_heading_align_left\">\n\t<h2 class=\"cmsmasters_heading\">Ba\u015fhekim<\/h2>\n<\/div><div id=\"cmsmasters_heading_9l3oxq21hm\" class=\"cmsmasters_heading_wrap cmsmasters_heading_align_left\">\n\t<h2 class=\"cmsmasters_heading\">Dt. M. G\u00f6kmen KAYA<\/h2>\n<\/div><div class=\"cmsmasters_text\">\n<h3><span style=\"color: #47535c; font-size: 19px; line-height: 28px; font-weight: 300;\">MSD T\u00fcrkiye olarak \u00f6nceli\u011fimiz, bize emanet edilen misafirlerimize en uygun tedaviyi sunmakt\u0131r.<\/span><\/h3>\n<\/div>\n<div class=\"cmsmasters_img  cmsmasters_image_n\"><img decoding=\"async\" src=\"https:\/\/msdturkey.com\/wp-content\/uploads\/2024\/06\/gokmenkaya-300x40.png\" \/><\/div>\n<\/div><\/div>\n<\/div>\n<\/div>\n<\/div>\n<\/div>\n<\/div>\n<div id=\"cmsmasters_row_e7kgy8pk0e\" class=\"cmsmasters_row cmsmasters_color_scheme_default cmsmasters_row_top_default cmsmasters_row_bot_default cmsmasters_row_boxed\">\n<div class=\"cmsmasters_row_outer_parent\">\n<div class=\"cmsmasters_row_outer\">\n<div class=\"cmsmasters_row_inner\">\n<div class=\"cmsmasters_row_margin\">\n<div id=\"cmsmasters_column_9bzdb2ckmt\" class=\"cmsmasters_column one_first\">\n<div class=\"cmsmasters_column_inner\"><div id=\"cmsmasters_heading_5tpu4wcxw\" class=\"cmsmasters_heading_wrap cmsmasters_heading_align_center\">\n\t<h2 class=\"cmsmasters_heading\">Uzman Ekibimiz<\/h2>\n<\/div>\n<div id=\"cmsmasters_profile_69f385e55d4a1\" class=\"cmsmasters_profile horizontal\">\n<!-- Start Profile Horizontal Article -->\r\n<article id=\"post-1845\" class=\"cmsmasters_profile_horizontal one_third post-1845 profile type-profile status-publish has-post-thumbnail hentry pl-categs-msd-turkey\">\r\n\t<div class=\"profile_outer\">\r\n\t<div class=\"cmsmasters_img_social_wrap\"><div class=\"cmsmasters_img_social_inner\"><figure class=\"cmsmasters_img_wrap\"><a href=\"https:\/\/msdturkey.com\/tr\/profile\/mgokmenkaya\/\" title=\"Dt. M. Gokmen Kaya\" class=\"cmsmasters_img_link\"><img loading=\"lazy\" decoding=\"async\" width=\"300\" height=\"300\" src=\"https:\/\/msdturkey.com\/wp-content\/uploads\/2017\/09\/gokmen-300x300.jpg\" class=\"wp-post-image\" alt=\"Dt. M. Gokmen Kaya\" title=\"go\u0308kmen\" srcset=\"https:\/\/msdturkey.com\/wp-content\/uploads\/2017\/09\/gokmen-300x300.jpg 300w, https:\/\/msdturkey.com\/wp-content\/uploads\/2017\/09\/gokmen-1024x1024.jpg 1024w, https:\/\/msdturkey.com\/wp-content\/uploads\/2017\/09\/gokmen-150x150.jpg 150w, https:\/\/msdturkey.com\/wp-content\/uploads\/2017\/09\/gokmen-768x768.jpg 768w, https:\/\/msdturkey.com\/wp-content\/uploads\/2017\/09\/gokmen-12x12.jpg 12w, https:\/\/msdturkey.com\/wp-content\/uploads\/2017\/09\/gokmen-75x75.jpg 75w, https:\/\/msdturkey.com\/wp-content\/uploads\/2017\/09\/gokmen-580x580.jpg 580w, https:\/\/msdturkey.com\/wp-content\/uploads\/2017\/09\/gokmen-860x860.jpg 860w, https:\/\/msdturkey.com\/wp-content\/uploads\/2017\/09\/gokmen.jpg 1080w\" sizes=\"auto, (max-width: 300px) 100vw, 300px\" \/><\/a><\/figure><\/div><\/div><div class=\"profile_inner\"><header class=\"cmsmasters_profile_header entry-header\"><h2 class=\"cmsmasters_profile_title entry-title\"><a href=\"https:\/\/msdturkey.com\/tr\/profile\/mgokmenkaya\/\">Dt. M. Gokmen Kaya<\/a><\/h2><h5 class=\"cmsmasters_profile_subtitle\">Di\u015f Hekimi<\/h5><\/header><\/div>\t<\/div>\r\n<\/article>\r\n<!-- Finish Profile Horizontal Article -->\r\n\r\n<!-- Start Profile Horizontal Article -->\r\n<article id=\"post-148\" class=\"cmsmasters_profile_horizontal one_third post-148 profile type-profile status-publish has-post-thumbnail hentry pl-categs-msd-turkey\">\r\n\t<div class=\"profile_outer\">\r\n\t<div class=\"cmsmasters_img_social_wrap\"><div class=\"cmsmasters_img_social_inner\"><figure class=\"cmsmasters_img_wrap\"><a href=\"https:\/\/msdturkey.com\/tr\/profile\/dt-erdem-elmas\/\" title=\"Dt. Erdem Elmas\" class=\"cmsmasters_img_link\"><img loading=\"lazy\" decoding=\"async\" width=\"300\" height=\"300\" src=\"https:\/\/msdturkey.com\/wp-content\/uploads\/2017\/08\/erdem-300x300.jpg\" class=\"wp-post-image\" alt=\"Dt. Erdem Elmas\" title=\"erdem\" srcset=\"https:\/\/msdturkey.com\/wp-content\/uploads\/2017\/08\/erdem-300x300.jpg 300w, https:\/\/msdturkey.com\/wp-content\/uploads\/2017\/08\/erdem-1024x1024.jpg 1024w, https:\/\/msdturkey.com\/wp-content\/uploads\/2017\/08\/erdem-150x150.jpg 150w, https:\/\/msdturkey.com\/wp-content\/uploads\/2017\/08\/erdem-768x768.jpg 768w, https:\/\/msdturkey.com\/wp-content\/uploads\/2017\/08\/erdem-12x12.jpg 12w, https:\/\/msdturkey.com\/wp-content\/uploads\/2017\/08\/erdem-75x75.jpg 75w, https:\/\/msdturkey.com\/wp-content\/uploads\/2017\/08\/erdem-580x580.jpg 580w, https:\/\/msdturkey.com\/wp-content\/uploads\/2017\/08\/erdem-860x860.jpg 860w, https:\/\/msdturkey.com\/wp-content\/uploads\/2017\/08\/erdem.jpg 1080w\" sizes=\"auto, (max-width: 300px) 100vw, 300px\" \/><\/a><\/figure><\/div><\/div><div class=\"profile_inner\"><header class=\"cmsmasters_profile_header entry-header\"><h2 class=\"cmsmasters_profile_title entry-title\"><a href=\"https:\/\/msdturkey.com\/tr\/profile\/dt-erdem-elmas\/\">Dt. Erdem Elmas<\/a><\/h2><h5 class=\"cmsmasters_profile_subtitle\">Di\u015f Hekimi<\/h5><\/header><\/div>\t<\/div>\r\n<\/article>\r\n<!-- Finish Profile Horizontal Article -->\r\n\r\n<!-- Start Profile Horizontal Article -->\r\n<article id=\"post-2972\" class=\"cmsmasters_profile_horizontal one_third post-2972 profile type-profile status-publish has-post-thumbnail hentry pl-categs-msd-turkey\">\r\n\t<div class=\"profile_outer\">\r\n\t<div class=\"cmsmasters_img_social_wrap\"><div class=\"cmsmasters_img_social_inner\"><figure class=\"cmsmasters_img_wrap\"><a href=\"https:\/\/msdturkey.com\/tr\/profile\/dt-serdar-y-ozkan\/\" title=\"Dt. Serdar Y. \u00d6zkan\" class=\"cmsmasters_img_link\"><img loading=\"lazy\" decoding=\"async\" width=\"300\" height=\"300\" src=\"https:\/\/msdturkey.com\/wp-content\/uploads\/2017\/08\/serdar-300x300.jpg\" class=\"wp-post-image\" alt=\"Dt. Serdar Y. \u00d6zkan\" title=\"serdar\" srcset=\"https:\/\/msdturkey.com\/wp-content\/uploads\/2017\/08\/serdar-300x300.jpg 300w, https:\/\/msdturkey.com\/wp-content\/uploads\/2017\/08\/serdar-1024x1024.jpg 1024w, https:\/\/msdturkey.com\/wp-content\/uploads\/2017\/08\/serdar-150x150.jpg 150w, https:\/\/msdturkey.com\/wp-content\/uploads\/2017\/08\/serdar-768x768.jpg 768w, https:\/\/msdturkey.com\/wp-content\/uploads\/2017\/08\/serdar-12x12.jpg 12w, https:\/\/msdturkey.com\/wp-content\/uploads\/2017\/08\/serdar-75x75.jpg 75w, https:\/\/msdturkey.com\/wp-content\/uploads\/2017\/08\/serdar-580x580.jpg 580w, https:\/\/msdturkey.com\/wp-content\/uploads\/2017\/08\/serdar-860x860.jpg 860w, https:\/\/msdturkey.com\/wp-content\/uploads\/2017\/08\/serdar.jpg 1080w\" sizes=\"auto, (max-width: 300px) 100vw, 300px\" \/><\/a><\/figure><\/div><\/div><div class=\"profile_inner\"><header class=\"cmsmasters_profile_header entry-header\"><h2 class=\"cmsmasters_profile_title entry-title\"><a href=\"https:\/\/msdturkey.com\/tr\/profile\/dt-serdar-y-ozkan\/\">Dt. Serdar Y. \u00d6zkan<\/a><\/h2><h5 class=\"cmsmasters_profile_subtitle\">Di\u015f Hekimi<\/h5><\/header><\/div>\t<\/div>\r\n<\/article>\r\n<!-- Finish Profile Horizontal Article -->\r\n\r\n<!-- Start Profile Horizontal Article -->\r\n<article id=\"post-2981\" class=\"cmsmasters_profile_horizontal one_third post-2981 profile type-profile status-publish has-post-thumbnail hentry pl-categs-msd-turkey\">\r\n\t<div class=\"profile_outer\">\r\n\t<div class=\"cmsmasters_img_social_wrap\"><div class=\"cmsmasters_img_social_inner\"><figure class=\"cmsmasters_img_wrap\"><a href=\"https:\/\/msdturkey.com\/tr\/profile\/dt-onurcan-baysal\/\" title=\"Dt. Onurcan Baysal\" class=\"cmsmasters_img_link\"><img loading=\"lazy\" decoding=\"async\" width=\"300\" height=\"300\" src=\"https:\/\/msdturkey.com\/wp-content\/uploads\/2025\/09\/onurcan-300x300.jpg\" class=\"wp-post-image\" alt=\"Dt. Onurcan Baysal\" title=\"onurcan\" srcset=\"https:\/\/msdturkey.com\/wp-content\/uploads\/2025\/09\/onurcan-300x300.jpg 300w, https:\/\/msdturkey.com\/wp-content\/uploads\/2025\/09\/onurcan-1024x1024.jpg 1024w, https:\/\/msdturkey.com\/wp-content\/uploads\/2025\/09\/onurcan-150x150.jpg 150w, https:\/\/msdturkey.com\/wp-content\/uploads\/2025\/09\/onurcan-768x768.jpg 768w, https:\/\/msdturkey.com\/wp-content\/uploads\/2025\/09\/onurcan-12x12.jpg 12w, https:\/\/msdturkey.com\/wp-content\/uploads\/2025\/09\/onurcan-75x75.jpg 75w, https:\/\/msdturkey.com\/wp-content\/uploads\/2025\/09\/onurcan-580x580.jpg 580w, https:\/\/msdturkey.com\/wp-content\/uploads\/2025\/09\/onurcan-860x860.jpg 860w, https:\/\/msdturkey.com\/wp-content\/uploads\/2025\/09\/onurcan.jpg 1080w\" sizes=\"auto, (max-width: 300px) 100vw, 300px\" \/><\/a><\/figure><\/div><\/div><div class=\"profile_inner\"><header class=\"cmsmasters_profile_header entry-header\"><h2 class=\"cmsmasters_profile_title entry-title\"><a href=\"https:\/\/msdturkey.com\/tr\/profile\/dt-onurcan-baysal\/\">Dt. Onurcan Baysal<\/a><\/h2><h5 class=\"cmsmasters_profile_subtitle\">Di\u015f Hekimi<\/h5><\/header><\/div>\t<\/div>\r\n<\/article>\r\n<!-- Finish Profile Horizontal Article -->\r\n\r\n<!-- Start Profile Horizontal Article -->\r\n<article id=\"post-2986\" class=\"cmsmasters_profile_horizontal one_third post-2986 profile type-profile status-publish has-post-thumbnail hentry pl-categs-msd-turkey\">\r\n\t<div class=\"profile_outer\">\r\n\t<div class=\"cmsmasters_img_social_wrap\"><div class=\"cmsmasters_img_social_inner\"><figure class=\"cmsmasters_img_wrap\"><a href=\"https:\/\/msdturkey.com\/tr\/profile\/dt-rabia-altan\/\" title=\"Dt. Rabia Altan\" class=\"cmsmasters_img_link\"><img loading=\"lazy\" decoding=\"async\" width=\"300\" height=\"300\" src=\"https:\/\/msdturkey.com\/wp-content\/uploads\/2025\/09\/rabia-300x300.jpg\" class=\"wp-post-image\" alt=\"Dt. Rabia Altan\" title=\"rabia\" srcset=\"https:\/\/msdturkey.com\/wp-content\/uploads\/2025\/09\/rabia-300x300.jpg 300w, https:\/\/msdturkey.com\/wp-content\/uploads\/2025\/09\/rabia-1024x1024.jpg 1024w, https:\/\/msdturkey.com\/wp-content\/uploads\/2025\/09\/rabia-150x150.jpg 150w, https:\/\/msdturkey.com\/wp-content\/uploads\/2025\/09\/rabia-768x768.jpg 768w, https:\/\/msdturkey.com\/wp-content\/uploads\/2025\/09\/rabia-12x12.jpg 12w, https:\/\/msdturkey.com\/wp-content\/uploads\/2025\/09\/rabia-75x75.jpg 75w, https:\/\/msdturkey.com\/wp-content\/uploads\/2025\/09\/rabia-580x580.jpg 580w, https:\/\/msdturkey.com\/wp-content\/uploads\/2025\/09\/rabia-860x860.jpg 860w, https:\/\/msdturkey.com\/wp-content\/uploads\/2025\/09\/rabia.jpg 1080w\" sizes=\"auto, (max-width: 300px) 100vw, 300px\" \/><\/a><\/figure><\/div><\/div><div class=\"profile_inner\"><header class=\"cmsmasters_profile_header entry-header\"><h2 class=\"cmsmasters_profile_title entry-title\"><a href=\"https:\/\/msdturkey.com\/tr\/profile\/dt-rabia-altan\/\">Dt. Rabia Altan<\/a><\/h2><h5 class=\"cmsmasters_profile_subtitle\">Di\u015f Hekimi<\/h5><\/header><\/div>\t<\/div>\r\n<\/article>\r\n<!-- Finish Profile Horizontal Article -->\r\n\r\n<\/div>\n<\/div><\/div>\n<\/div>\n<\/div>\n<\/div>\n<\/div>\n<\/div>\n<div id=\"cmsmasters_row_yuua9e6w1\" class=\"cmsmasters_row cmsmasters_color_scheme_third cmsmasters_row_top_default cmsmasters_row_bot_default cmsmasters_row_boxed\">\n<div class=\"cmsmasters_row_outer_parent\">\n<div class=\"cmsmasters_row_outer\">\n<div class=\"cmsmasters_row_inner\">\n<div class=\"cmsmasters_row_margin\">\n<div id=\"cmsmasters_column_t8ftghzte6\" class=\"cmsmasters_column one_first\">\n<div class=\"cmsmasters_column_inner\"><div id=\"cmsmasters_fb_1wb83jv2cb\" class=\"cmsmasters_featured_block\">\n<div class=\"featured_block_inner\">\n<div class=\"featured_block_text\">\n<h3 style=\"text-align: center;\"><span style=\"font-size: 28px; line-height: 36px; font-weight: 300;\">Hayalinizdeki g\u00fcl\u00fcmsemeyi ger\u00e7e\u011fe d\u00f6n\u00fc\u015ft\u00fcr\u00fcn! Bizi +90 543 255 06 73 numaral\u0131 telefondan aray\u0131n.<\/span><\/h3>\n\n<\/div>\n<\/div>\n<\/div>\n<\/div><\/div>\n<\/div>\n<\/div>\n<\/div>\n<\/div>\n<\/div>\n<div id=\"cmsmasters_row_vwotbyq8lc\" class=\"cmsmasters_row cmsmasters_color_scheme_third cmsmasters_row_top_default cmsmasters_row_bot_default cmsmasters_row_boxed\">\n<div class=\"cmsmasters_row_outer_parent\">\n<div class=\"cmsmasters_row_outer\">\n<div class=\"cmsmasters_row_inner\">\n<div class=\"cmsmasters_row_margin\">\n<div id=\"cmsmasters_column_b7ccah399q\" class=\"cmsmasters_column one_fourth\">\n<div class=\"cmsmasters_column_inner\"><div id=\"cmsmasters_heading_1qzwm6nkmr\" class=\"cmsmasters_heading_wrap cmsmasters_heading_align_left\">\n\t<h2 class=\"cmsmasters_heading\">G\u00fcl\u00fc\u015f Galerisi<\/h2>\n<\/div><div class=\"cmsmasters_text\">\n<h3><a style=\"font-size: 20px; line-height: 30px; font-weight: 300;\" href=\"http:\/\/msdturkey.com\/tr\/smilegallery\/\">\u015eimdi T\u0131kla<\/a><\/h3>\n<\/div>\n<\/div><\/div>\n<div id=\"cmsmasters_column_3qw94s847\" class=\"cmsmasters_column one_fourth\">\n<div class=\"cmsmasters_column_inner\"><div id=\"cmsmasters_heading_mjsqnaid4n\" class=\"cmsmasters_heading_wrap cmsmasters_heading_align_left\">\n\t<h2 class=\"cmsmasters_heading\">Klinik<\/h2>\n<\/div><div class=\"cmsmasters_text\">\n<h3><span style=\"font-size: 20px; line-height: 30px; font-weight: 300;\">G\u00fcne\u015f Mah. \u015eehit Astsubay \u00d6mer Halis Demir Cad. <\/span><\/h3>\n<h3><span style=\"font-size: 20px; line-height: 30px; font-weight: 300;\">A1-Blok 95 AAK Kepez\/ANTALYA<\/span><\/h3>\n<\/div>\n<\/div><\/div>\n<div id=\"cmsmasters_column_eu8ys1owl\" class=\"cmsmasters_column one_fourth\">\n<div class=\"cmsmasters_column_inner\"><div id=\"cmsmasters_heading_rw668zl36\" class=\"cmsmasters_heading_wrap cmsmasters_heading_align_left\">\n\t<h2 class=\"cmsmasters_heading\">iLET\u0130\u015e\u0130M<\/h2>\n<\/div><div class=\"cmsmasters_text\">\n<h3><span style=\"font-size: 20px; line-height: 30px; font-weight: 300;\"><a style=\"font-size: 20px; line-height: 30px; font-weight: 300;\" href=\"mailto:info@msdturkey.com\">info@msdturkey.com<\/a><\/span><br \/>\n<span style=\"font-size: 20px; line-height: 30px; font-weight: 300;\">+90 543 255 06 73<\/span><\/h3>\n<\/div>\n<\/div><\/div>\n<div id=\"cmsmasters_column_ajnlzam14g\" class=\"cmsmasters_column one_fourth\">\n<div class=\"cmsmasters_column_inner\"><div id=\"cmsmasters_heading_79c627x9rf\" class=\"cmsmasters_heading_wrap cmsmasters_heading_align_left\">\n\t<h2 class=\"cmsmasters_heading\">A\u00e7\u0131k saatler<\/h2>\n<\/div><div class=\"cmsmasters_text\">\n<h3 class=\" translation-block\"><span style=\"font-size: 20px;line-height: 30px;font-weight: 300\">Pazartesi-Cumartesi: 08:00-21:00<\/span><br>\n<span style=\"font-size: 20px;line-height: 30px;font-weight: 300\">Pazar: Kapal\u0131<\/span><\/h3>\n<\/div>\n<\/div><\/div>\n<\/div>\n<\/div>\n<\/div>\n<\/div>\n<\/div>","protected":false},"excerpt":{"rendered":"","protected":false},"author":1,"featured_media":0,"parent":0,"menu_order":0,"comment_status":"closed","ping_status":"closed","template":"","meta":{"footnotes":""},"class_list":["post-1053","page","type-page","status-publish","hentry"],"_links":{"self":[{"href":"https:\/\/msdturkey.com\/tr\/wp-json\/wp\/v2\/pages\/1053","targetHints":{"allow":["GET"]}}],"collection":[{"href":"https:\/\/msdturkey.com\/tr\/wp-json\/wp\/v2\/pages"}],"about":[{"href":"https:\/\/msdturkey.com\/tr\/wp-json\/wp\/v2\/types\/page"}],"author":[{"embeddable":true,"href":"https:\/\/msdturkey.com\/tr\/wp-json\/wp\/v2\/users\/1"}],"replies":[{"embeddable":true,"href":"https:\/\/msdturkey.com\/tr\/wp-json\/wp\/v2\/comments?post=1053"}],"version-history":[{"count":15,"href":"https:\/\/msdturkey.com\/tr\/wp-json\/wp\/v2\/pages\/1053\/revisions"}],"predecessor-version":[{"id":3037,"href":"https:\/\/msdturkey.com\/tr\/wp-json\/wp\/v2\/pages\/1053\/revisions\/3037"}],"wp:attachment":[{"href":"https:\/\/msdturkey.com\/tr\/wp-json\/wp\/v2\/media?parent=1053"}],"curies":[{"name":"wp","href":"https:\/\/api.w.org\/{rel}","templated":true}]}}