{"id":974,"date":"2017-08-24T20:52:49","date_gmt":"2017-08-24T20:52:49","guid":{"rendered":"http:\/\/denta.cmsmasters.net\/?page_id=974"},"modified":"2024-06-19T20:12:58","modified_gmt":"2024-06-19T17:12:58","slug":"contacts","status":"publish","type":"page","link":"https:\/\/msdturkey.com\/ru\/contacts\/","title":{"rendered":"\u041a\u043e\u043d\u0442\u0430\u043a\u0442"},"content":{"rendered":"<div id=\"cmsmasters_row_t2v2nwedbv\" class=\"cmsmasters_row cmsmasters_color_scheme_default cmsmasters_row_top_default cmsmasters_row_bot_default cmsmasters_row_fullwidth\">\n<div class=\"cmsmasters_row_outer_parent\">\n<div class=\"cmsmasters_row_outer\">\n<div class=\"cmsmasters_row_inner cmsmasters_row_fullwidth\">\n<div class=\"cmsmasters_row_margin\">\n<div id=\"cmsmasters_column_6i6jrjnz2i\" class=\"cmsmasters_column one_first\">\n<div class=\"cmsmasters_column_inner\"><div class=\"custom_html\">\n<iframe src=\"https:\/\/www.google.com\/maps\/embed?pb=!1m18!1m12!1m3!1d3189.4428262003466!2d30.738993275901016!3d36.927584072210976!2m3!1f0!2f0!3f0!3m2!1i1024!2i768!4f13.1!3m3!1m2!1s0x14c385279bf819c7%3A0xe961d6f27f446fb1!2zTVNEIEHEn8SxeiB2ZSBEacWfIFNhxJ9sxLHEn8SxIFBvbGlrbGluacSfaQ!5e0!3m2!1str!2str!4v1718816859599!5m2!1str!2str\" width=\"2000\" height=\"600\" style=\"border:0;\" allowfullscreen=\"\" loading=\"lazy\" referrerpolicy=\"no-referrer-when-downgrade\"><\/iframe>\n<\/div>\n<\/div><\/div>\n<\/div>\n<\/div>\n<\/div>\n<\/div>\n<\/div>\n<div id=\"cmsmasters_row_9iiqjp4ro\" class=\"cmsmasters_row cmsmasters_color_scheme_default cmsmasters_row_top_default cmsmasters_row_bot_default cmsmasters_row_boxed\">\n<div class=\"cmsmasters_row_outer_parent\">\n<div class=\"cmsmasters_row_outer\">\n<div class=\"cmsmasters_row_inner\">\n<div class=\"cmsmasters_row_margin\">\n<div id=\"cmsmasters_column_tj71sb6rui\" class=\"cmsmasters_column one_half\">\n<div class=\"cmsmasters_column_inner\"><div id=\"cmsmasters_heading_32kifzpulp\" class=\"cmsmasters_heading_wrap cmsmasters_heading_align_left\">\n\t<h2 class=\"cmsmasters_heading\">\u041f\u043e\u0434\u0440\u043e\u0431\u043d\u0430\u044f \u0438\u043d\u0444\u043e\u0440\u043c\u0430\u0446\u0438\u044f<\/h2>\n<\/div><div id=\"cmsmasters_heading_r6pasyb8sa\" class=\"cmsmasters_heading_wrap cmsmasters_heading_align_left\">\n\t<h2 class=\"cmsmasters_heading\">\u041d\u0443\u0436\u043d\u043e \u0431\u043e\u043b\u044c\u0448\u0435<\/h2>\n<\/div><div id=\"cmsmasters_heading_u6ovpi1mz8\" class=\"cmsmasters_heading_wrap cmsmasters_heading_align_left\">\n\t<h2 class=\"cmsmasters_heading\"> \u0438\u043d\u0444\u043e\u0440\u043c\u0430\u0446\u0438\u044f?<\/h2>\n<\/div><div id=\"cmsmasters_button_5txn8dzkm\" class=\"button_wrap\"><a href=\"tel:905432550673\" class=\"cmsmasters_button\"><span>\u041f\u043e\u0437\u0432\u043e\u043d\u0438\u0442\u0435 \u043d\u0430\u043c \u0441\u0435\u0439\u0447\u0430\u0441<\/span><\/a><\/div>\n<\/div><\/div>\n<div id=\"cmsmasters_column_vconl0lh9f\" class=\"cmsmasters_column one_half\">\n<div class=\"cmsmasters_column_inner\"><div id=\"cmsmasters_heading_ca3vf99px\" class=\"cmsmasters_heading_wrap cmsmasters_heading_align_left\">\n\t<h2 class=\"cmsmasters_heading\">\u041a\u043b\u0438\u043d\u0438\u043a\u0430<\/h2>\n<\/div><div class=\"cmsmasters_text\">\n<h3>G\u00fcne\u015f Mah. \u015eehit Astsubay \u00d6mer Halis Demir Cad.<\/h3>\n<h3>A1-Blok 95 AAK Kepez\/ ANTALYA<\/h3>\n<\/div>\n<div id=\"cmsmasters_heading_74k2oduyc8\" class=\"cmsmasters_heading_wrap cmsmasters_heading_align_left\">\n\t<h2 class=\"cmsmasters_heading\">\u041a\u043e\u043d\u0442\u0430\u043a\u0442<\/h2>\n<\/div><div class=\"cmsmasters_text\">\n<h3><span style=\"color: #47535c; font-size: 20px; line-height: 30px; font-weight: 300;\"><a style=\"color: #47535c;\" href=\"mailto:info@msdturkey.com\">info@msdturkey.com<\/a><\/span><br \/>\n<span style=\"color: #47535c; font-size: 20px; line-height: 30px; font-weight: 300;\">+90 543 255 06 73<\/span><\/h3>\n<\/div>\n<div id=\"cmsmasters_heading_ledxxfy3w\" class=\"cmsmasters_heading_wrap cmsmasters_heading_align_left\">\n\t<h2 class=\"cmsmasters_heading\">\u041e\u0442\u043a\u0440\u044b\u0442\u044b\u0435 \u0447\u0430\u0441\u044b<\/h2>\n<\/div><div class=\"cmsmasters_text\">\n<h3 class=\" translation-block\"><span style=\"font-size: 20px;line-height: 30px;font-weight: 300\">\u041f\u043e\u043d\u0435\u0434\u0435\u043b\u044c\u043d\u0438\u043a-\u0441\u0443\u0431\u0431\u043e\u0442\u0430: 8:00-21:00<\/span><br>\n<span style=\"font-size: 20px;line-height: 30px;font-weight: 300\">\u0412\u043e\u0441\u043a\u0440\u0435\u0441\u0435\u043d\u044c\u0435: \u0432\u044b\u0445\u043e\u0434\u043d\u043e\u0439<\/span><\/h3>\n<\/div>\n<\/div><\/div>\n<\/div>\n<\/div>\n<\/div>\n<\/div>\n<\/div>","protected":false},"excerpt":{"rendered":"","protected":false},"author":1,"featured_media":0,"parent":0,"menu_order":0,"comment_status":"closed","ping_status":"closed","template":"","meta":{"footnotes":""},"class_list":["post-974","page","type-page","status-publish","hentry"],"_links":{"self":[{"href":"https:\/\/msdturkey.com\/ru\/wp-json\/wp\/v2\/pages\/974","targetHints":{"allow":["GET"]}}],"collection":[{"href":"https:\/\/msdturkey.com\/ru\/wp-json\/wp\/v2\/pages"}],"about":[{"href":"https:\/\/msdturkey.com\/ru\/wp-json\/wp\/v2\/types\/page"}],"author":[{"embeddable":true,"href":"https:\/\/msdturkey.com\/ru\/wp-json\/wp\/v2\/users\/1"}],"replies":[{"embeddable":true,"href":"https:\/\/msdturkey.com\/ru\/wp-json\/wp\/v2\/comments?post=974"}],"version-history":[{"count":5,"href":"https:\/\/msdturkey.com\/ru\/wp-json\/wp\/v2\/pages\/974\/revisions"}],"predecessor-version":[{"id":2730,"href":"https:\/\/msdturkey.com\/ru\/wp-json\/wp\/v2\/pages\/974\/revisions\/2730"}],"wp:attachment":[{"href":"https:\/\/msdturkey.com\/ru\/wp-json\/wp\/v2\/media?parent=974"}],"curies":[{"name":"wp","href":"https:\/\/api.w.org\/{rel}","templated":true}]}}